{"id":57,"date":"2026-01-21T13:44:19","date_gmt":"2026-01-21T13:44:19","guid":{"rendered":"https:\/\/www.mykhailo.vlab.fi\/wp1\/?page_id=57"},"modified":"2026-01-21T13:50:38","modified_gmt":"2026-01-21T13:50:38","slug":"perhekassi","status":"publish","type":"page","link":"https:\/\/www.mykhailo.vlab.fi\/wp1\/perhekassi\/","title":{"rendered":"Perhekassi"},"content":{"rendered":"\n<div class=\"wp-block-uagb-advanced-heading uagb-block-d093ace3\"><h2 class=\"uagb-heading-text\">Perhe kassi<\/h2><\/div>\n\n\n\n<div class=\"wp-block-uagb-image aligncenter uagb-block-215ba895 wp-block-uagb-image--layout-default wp-block-uagb-image--effect-static wp-block-uagb-image--align-center\"><figure class=\"wp-block-uagb-image__figure\"><img decoding=\"async\" srcset=\"https:\/\/www.mykhailo.vlab.fi\/wp1\/wp-content\/uploads\/2026\/01\/bag-739x1024.jpg ,https:\/\/www.mykhailo.vlab.fi\/wp1\/wp-content\/uploads\/2026\/01\/bag.jpg 780w, https:\/\/www.mykhailo.vlab.fi\/wp1\/wp-content\/uploads\/2026\/01\/bag.jpg 360w\" sizes=\"auto, (max-width: 480px) 150px\" src=\"https:\/\/www.mykhailo.vlab.fi\/wp1\/wp-content\/uploads\/2026\/01\/bag-739x1024.jpg\" alt=\"\" class=\"uag-image-37\" width=\"319\" height=\"442\" title=\"bag\" loading=\"lazy\" role=\"img\"\/><\/figure><\/div>\n\n\n\n<p class=\"has-text-align-center has-ast-global-color-2-color has-text-color has-background has-link-color has-medium-font-size wp-elements-8682b2254ded7fa931fbd2cdba166a7f\" style=\"background-color:#c8cba0;padding-top:var(--wp--preset--spacing--40);padding-bottom:var(--wp--preset--spacing--40)\"><strong>Sis\u00e4lt\u00e4\u00e4 kaiken mit\u00e4 tarvitset jotta voisit hyvin<\/strong><\/p>\n\n\n\n<p class=\"has-text-align-center has-ast-global-color-2-color has-text-color has-background has-link-color wp-elements-6c0c6ea21bfc03e06113d71d96caf9cf\" style=\"background-color:#c8cba0\"><strong>Resepti maukas viherlautaneHerkullinen resepti perheillallisellen.<\/strong><\/p>\n\n\n\n<p class=\"has-ast-global-color-2-color has-text-color has-background has-link-color wp-elements-ba1cf7d32ba42824b8450067b65b39f9\" style=\"background-color:#c8cba0\"><strong>Lorem Ipsum<\/strong>&nbsp;is simply dummy text of the printing and typesetting industry. Lorem Ipsum has been the industry&#8217;s standard dummy text ever since the 1500s, when an unknown printer took a galley of type and scrambled it to make a type specimen book. It has survived not only five centuries, but also the leap into electronic typesetting, remaining essentially unchanged. It was popularised in the 1960s with the release of Letraset sheets containing Lorem Ipsum passages, and more recently with desktop publishing software like Aldus PageMaker including versions of Lorem Ipsum.<\/p>\n\n\n\n<p class=\"has-ast-global-color-2-color has-text-color has-background has-link-color wp-elements-ba1cf7d32ba42824b8450067b65b39f9\" style=\"background-color:#c8cba0\"><strong>Lorem Ipsum<\/strong>&nbsp;is simply dummy text of the printing and typesetting industry. Lorem Ipsum has been the industry&#8217;s standard dummy text ever since the 1500s, when an unknown printer took a galley of type and scrambled it to make a type specimen book. It has survived not only five centuries, but also the leap into electronic typesetting, remaining essentially unchanged. It was popularised in the 1960s with the release of Letraset sheets containing Lorem Ipsum passages, and more recently with desktop publishing software like Aldus PageMaker including versions of Lorem Ipsum.<\/p>\n\n\n\n<div class=\"wp-block-columns has-background is-layout-flex wp-container-core-columns-is-layout-026a8b0d wp-block-columns-is-layout-flex\" style=\"background-color:#c8cba0;margin-top:0;margin-bottom:0;padding-top:var(--wp--preset--spacing--70);padding-right:var(--wp--preset--spacing--80);padding-bottom:var(--wp--preset--spacing--70);padding-left:var(--wp--preset--spacing--80)\">\n<div class=\"wp-block-column is-layout-flow wp-block-column-is-layout-flow\">\n<h3 class=\"wp-block-heading has-text-align-center\">Why do we use it?<\/h3>\n\n\n\n<p class=\"has-ast-global-color-2-color has-text-color has-link-color wp-elements-c780140866c7a5be9389c35b4146ee91\">It is a long established fact that a reader will be distracted by the readable content of a page when looking at its layout. The point of using Lorem Ipsum is that it has a more-or-less normal distribution of letters, as opposed to using &#8216;Content here, content here&#8217;, making it look like readable English. Many desktop publishing packages and web page editors now use Lorem Ipsum as their default model text, and a search for &#8216;lorem ipsum&#8217; will uncover many web sites still in their infancy. Various versions have evolved over the years, sometimes by accident, sometimes on purpose (injected humour and the like).<\/p>\n<\/div>\n\n\n\n<div class=\"wp-block-column is-layout-flow wp-block-column-is-layout-flow\">\n<h3 class=\"wp-block-heading has-text-align-center\">Why do we use it?<\/h3>\n\n\n\n<p class=\"has-ast-global-color-2-color has-text-color has-link-color wp-elements-c780140866c7a5be9389c35b4146ee91\">It is a long established fact that a reader will be distracted by the readable content of a page when looking at its layout. The point of using Lorem Ipsum is that it has a more-or-less normal distribution of letters, as opposed to using &#8216;Content here, content here&#8217;, making it look like readable English. Many desktop publishing packages and web page editors now use Lorem Ipsum as their default model text, and a search for &#8216;lorem ipsum&#8217; will uncover many web sites still in their infancy. Various versions have evolved over the years, sometimes by accident, sometimes on purpose (injected humour and the like).<\/p>\n<\/div>\n<\/div>\n","protected":false},"excerpt":{"rendered":"<p>Perhe kassi Sis\u00e4lt\u00e4\u00e4 kaiken mit\u00e4 tarvitset jotta voisit hyvin Resepti maukas viherlautaneHerkullinen resepti perheillallisellen. Lorem Ipsum&nbsp;is simply dummy text of [&hellip;]<\/p>\n","protected":false},"author":1,"featured_media":0,"parent":0,"menu_order":0,"comment_status":"closed","ping_status":"closed","template":"","meta":{"_uag_custom_page_level_css":"","site-sidebar-layout":"default","site-content-layout":"","ast-site-content-layout":"default","site-content-style":"default","site-sidebar-style":"default","ast-global-header-display":"","ast-banner-title-visibility":"","ast-main-header-display":"","ast-hfb-above-header-display":"","ast-hfb-below-header-display":"","ast-hfb-mobile-header-display":"","site-post-title":"","ast-breadcrumbs-content":"","ast-featured-img":"","footer-sml-layout":"","ast-disable-related-posts":"","theme-transparent-header-meta":"","adv-header-id-meta":"","stick-header-meta":"","header-above-stick-meta":"","header-main-stick-meta":"","header-below-stick-meta":"","astra-migrate-meta-layouts":"default","ast-page-background-enabled":"default","ast-page-background-meta":{"desktop":{"background-color":"var(--ast-global-color-5)","background-image":"","background-repeat":"repeat","background-position":"center center","background-size":"auto","background-attachment":"scroll","background-type":"","background-media":"","overlay-type":"","overlay-color":"","overlay-opacity":"","overlay-gradient":""},"tablet":{"background-color":"","background-image":"","background-repeat":"repeat","background-position":"center center","background-size":"auto","background-attachment":"scroll","background-type":"","background-media":"","overlay-type":"","overlay-color":"","overlay-opacity":"","overlay-gradient":""},"mobile":{"background-color":"","background-image":"","background-repeat":"repeat","background-position":"center center","background-size":"auto","background-attachment":"scroll","background-type":"","background-media":"","overlay-type":"","overlay-color":"","overlay-opacity":"","overlay-gradient":""}},"ast-content-background-meta":{"desktop":{"background-color":"var(--ast-global-color-4)","background-image":"","background-repeat":"repeat","background-position":"center center","background-size":"auto","background-attachment":"scroll","background-type":"","background-media":"","overlay-type":"","overlay-color":"","overlay-opacity":"","overlay-gradient":""},"tablet":{"background-color":"var(--ast-global-color-4)","background-image":"","background-repeat":"repeat","background-position":"center center","background-size":"auto","background-attachment":"scroll","background-type":"","background-media":"","overlay-type":"","overlay-color":"","overlay-opacity":"","overlay-gradient":""},"mobile":{"background-color":"var(--ast-global-color-4)","background-image":"","background-repeat":"repeat","background-position":"center center","background-size":"auto","background-attachment":"scroll","background-type":"","background-media":"","overlay-type":"","overlay-color":"","overlay-opacity":"","overlay-gradient":""}},"footnotes":""},"class_list":["post-57","page","type-page","status-publish","hentry"],"uagb_featured_image_src":{"full":false,"thumbnail":false,"medium":false,"medium_large":false,"large":false,"1536x1536":false,"2048x2048":false},"uagb_author_info":{"display_name":"admin","author_link":"https:\/\/www.mykhailo.vlab.fi\/wp1\/author\/admin\/"},"uagb_comment_info":0,"uagb_excerpt":"Perhe kassi Sis\u00e4lt\u00e4\u00e4 kaiken mit\u00e4 tarvitset jotta voisit hyvin Resepti maukas viherlautaneHerkullinen resepti perheillallisellen. Lorem Ipsum&nbsp;is simply dummy text of [&hellip;]","_links":{"self":[{"href":"https:\/\/www.mykhailo.vlab.fi\/wp1\/wp-json\/wp\/v2\/pages\/57","targetHints":{"allow":["GET"]}}],"collection":[{"href":"https:\/\/www.mykhailo.vlab.fi\/wp1\/wp-json\/wp\/v2\/pages"}],"about":[{"href":"https:\/\/www.mykhailo.vlab.fi\/wp1\/wp-json\/wp\/v2\/types\/page"}],"author":[{"embeddable":true,"href":"https:\/\/www.mykhailo.vlab.fi\/wp1\/wp-json\/wp\/v2\/users\/1"}],"replies":[{"embeddable":true,"href":"https:\/\/www.mykhailo.vlab.fi\/wp1\/wp-json\/wp\/v2\/comments?post=57"}],"version-history":[{"count":3,"href":"https:\/\/www.mykhailo.vlab.fi\/wp1\/wp-json\/wp\/v2\/pages\/57\/revisions"}],"predecessor-version":[{"id":73,"href":"https:\/\/www.mykhailo.vlab.fi\/wp1\/wp-json\/wp\/v2\/pages\/57\/revisions\/73"}],"wp:attachment":[{"href":"https:\/\/www.mykhailo.vlab.fi\/wp1\/wp-json\/wp\/v2\/media?parent=57"}],"curies":[{"name":"wp","href":"https:\/\/api.w.org\/{rel}","templated":true}]}}